{"id":2768,"date":"2024-03-23T17:25:09","date_gmt":"2024-03-23T09:25:09","guid":{"rendered":"https:\/\/seedoosports.com\/?post_type=product&#038;p=2768"},"modified":"2024-09-25T16:08:52","modified_gmt":"2024-09-25T08:08:52","slug":"single-slide-punching-bag-rack","status":"publish","type":"product","link":"https:\/\/seedoosports.com\/es\/punching-bag-track-system\/single-slide-punching-bag-rack\/","title":{"rendered":"Soporte para sacos de boxeo de una sola corredera"},"content":{"rendered":"<ul>\n<li>Material de la v\u00eda: Carril gu\u00eda endurecido de alta resistencia de cinco capas, Y S. 257MPa (l\u00edmite el\u00e1stico), T S. 400MPa (resistencia a la tracci\u00f3n).<\/li>\n<li>Tornillo de instalaci\u00f3n: Tornillo de expansi\u00f3n M12X120mm, tensi\u00f3n de dise\u00f1o de carga 14.5KN, tensi\u00f3n de falla 43.8KN, puede ser usado en concreto.<\/li>\n<li>Utilizado en suelo (=&gt;C25 hormig\u00f3n), la vibraci\u00f3n de alta frecuencia no afloja.<\/li>\n<li>Longitud est\u00e1ndar de la v\u00eda: brazo \u00fanico -1 metro, voladizo -1,5 metros.<\/li>\n<li>Requisitos de instalaci\u00f3n de la pared: El muro debe ser una estructura de hormig\u00f3n que cumpla los requisitos y normas de construcci\u00f3n, con una dimensi\u00f3n de espesor superior a 200 mm (no construido)<\/li>\n<li>Se recomienda instalar en paredes de ladrillo, especialmente ladrillos ligeros o huecos.<\/li>\n<\/ul>","protected":false},"excerpt":{"rendered":"<p>El soporte para sacos de boxeo de deslizamiento \u00fanico tiene un dise\u00f1o compacto y puede montarse directamente en la pared, por lo que es ideal para zonas de entrenamiento con espacio limitado. A diferencia de <a href=\"https:\/\/seedoosports.com\/es\/punching-bag-track-system\/wall-mounted-bag-rail-bracket\/\">Soporte de pared para ra\u00edl porta-bolsas<\/a>Est\u00e1 fabricado en acero de mayor grosor y cuenta con una base de montaje m\u00e1s grande para garantizar su estabilidad.<br \/>\nEl dise\u00f1o de carril deslizante es la clave de este producto. La longitud de la pista es de 1 metro, proporcionando suficiente espacio para el movimiento. El boxeador puede desbloquear la polea para empujar hacia fuera el saco de boxeo para el entrenamiento de boxeo. Despu\u00e9s del entrenamiento, el saco de boxeo se puede deslizar cerca de la pared para ahorrar espacio y mantener el \u00e1rea de entrenamiento ordenada y organizada.<\/p>","protected":false},"featured_media":3886,"template":"","meta":{"rank_math_lock_modified_date":false},"product_brand":[],"product_cat":[53],"product_tag":[],"class_list":{"0":"post-2768","1":"product","2":"type-product","3":"status-publish","4":"has-post-thumbnail","6":"product_cat-punching-bag-track-system","8":"first","9":"instock","10":"shipping-taxable","11":"product-type-simple"},"_links":{"self":[{"href":"https:\/\/seedoosports.com\/es\/wp-json\/wp\/v2\/product\/2768","targetHints":{"allow":["GET"]}}],"collection":[{"href":"https:\/\/seedoosports.com\/es\/wp-json\/wp\/v2\/product"}],"about":[{"href":"https:\/\/seedoosports.com\/es\/wp-json\/wp\/v2\/types\/product"}],"wp:featuredmedia":[{"embeddable":true,"href":"https:\/\/seedoosports.com\/es\/wp-json\/wp\/v2\/media\/3886"}],"wp:attachment":[{"href":"https:\/\/seedoosports.com\/es\/wp-json\/wp\/v2\/media?parent=2768"}],"wp:term":[{"taxonomy":"product_brand","embeddable":true,"href":"https:\/\/seedoosports.com\/es\/wp-json\/wp\/v2\/product_brand?post=2768"},{"taxonomy":"product_cat","embeddable":true,"href":"https:\/\/seedoosports.com\/es\/wp-json\/wp\/v2\/product_cat?post=2768"},{"taxonomy":"product_tag","embeddable":true,"href":"https:\/\/seedoosports.com\/es\/wp-json\/wp\/v2\/product_tag?post=2768"}],"curies":[{"name":"wp","href":"https:\/\/api.w.org\/{rel}","templated":true}]}}