{"id":2762,"date":"2024-03-23T17:23:04","date_gmt":"2024-03-23T09:23:04","guid":{"rendered":"https:\/\/seedoosports.com\/?post_type=product&#038;p=2762"},"modified":"2024-09-25T15:44:05","modified_gmt":"2024-09-25T07:44:05","slug":"stand-slide-punching-bag-rack","status":"publish","type":"product","link":"https:\/\/seedoosports.com\/es\/punching-bag-track-system\/stand-slide-punching-bag-rack\/","title":{"rendered":"Soporte deslizante para sacos de boxeo"},"content":{"rendered":"","protected":false},"excerpt":{"rendered":"<p>El sistema de carriles para sacos de boxeo Stand Slide tiene un dise\u00f1o \u00fanico y est\u00e1 fabricado con planchas de hierro macizo. La parte inferior de la columna est\u00e1 firmemente unida al suelo y fabricada con materiales de alta calidad para garantizar la estabilidad y durabilidad de toda la estructura.<br \/>\nLa parte superior de la columna y el sistema de ra\u00edles para sacos de boxeo Stand Slide est\u00e1n conectados mediante ra\u00edles, y los sacos pesados pueden moverse libremente a lo largo de los ra\u00edles. Este dise\u00f1o no s\u00f3lo aumenta la flexibilidad y variedad del entrenamiento, sino que tambi\u00e9n permite ajustar la posici\u00f3n del saco pesado seg\u00fan sea necesario. La longitud de los ra\u00edles puede personalizarse.<br \/>\nUna de las grandes caracter\u00edsticas del Stand Slide Punching Bag Rack es que puede almacenar f\u00e1cilmente sacos pesados. Cuando termina el entrenamiento de boxeo, el saco de boxeo se puede mover a un lado, ahorrando espacio en el local y manteniendo la zona de entrenamiento ordenada y organizada.<\/p>","protected":false},"featured_media":3887,"template":"","meta":{"rank_math_lock_modified_date":false},"product_brand":[],"product_cat":[53],"product_tag":[],"class_list":{"0":"post-2762","1":"product","2":"type-product","3":"status-publish","4":"has-post-thumbnail","6":"product_cat-punching-bag-track-system","8":"first","9":"instock","10":"shipping-taxable","11":"product-type-simple"},"_links":{"self":[{"href":"https:\/\/seedoosports.com\/es\/wp-json\/wp\/v2\/product\/2762","targetHints":{"allow":["GET"]}}],"collection":[{"href":"https:\/\/seedoosports.com\/es\/wp-json\/wp\/v2\/product"}],"about":[{"href":"https:\/\/seedoosports.com\/es\/wp-json\/wp\/v2\/types\/product"}],"wp:featuredmedia":[{"embeddable":true,"href":"https:\/\/seedoosports.com\/es\/wp-json\/wp\/v2\/media\/3887"}],"wp:attachment":[{"href":"https:\/\/seedoosports.com\/es\/wp-json\/wp\/v2\/media?parent=2762"}],"wp:term":[{"taxonomy":"product_brand","embeddable":true,"href":"https:\/\/seedoosports.com\/es\/wp-json\/wp\/v2\/product_brand?post=2762"},{"taxonomy":"product_cat","embeddable":true,"href":"https:\/\/seedoosports.com\/es\/wp-json\/wp\/v2\/product_cat?post=2762"},{"taxonomy":"product_tag","embeddable":true,"href":"https:\/\/seedoosports.com\/es\/wp-json\/wp\/v2\/product_tag?post=2762"}],"curies":[{"name":"wp","href":"https:\/\/api.w.org\/{rel}","templated":true}]}}