{"id":2680,"date":"2024-03-23T15:44:16","date_gmt":"2024-03-23T07:44:16","guid":{"rendered":"https:\/\/seedoosports.com\/?post_type=product&#038;p=2680"},"modified":"2024-06-05T18:32:33","modified_gmt":"2024-06-05T10:32:33","slug":"cantilever-bag-rack-cbr","status":"publish","type":"product","link":"https:\/\/seedoosports.com\/es\/punching-bag-track-system\/cantilever-bag-rack-cbr\/","title":{"rendered":"Portaequipajes en voladizo - CBR"},"content":{"rendered":"","protected":false},"excerpt":{"rendered":"<div data-page-id=\"MHWwdiEigoD6YAxjRXOcrr67n4b\" data-docx-has-block-data=\"false\">\n<div class=\"ace-line ace-line old-record-id-MZDndl1kHoq9jCxiwZicOYaTntg\">Se puede personalizar seg\u00fan las necesidades del lugar. Se puede ajustar libremente el estilo de combinaci\u00f3n de acuerdo con el contenido del curso, y tambi\u00e9n puede ajustar el espaciamiento de sacos de arena a voluntad; en gran medida el ahorro de espacio del lugar y enriquecer sus cursos de formaci\u00f3n.<\/div>\n<ol>\n<li class=\"ace-line ace-line old-record-id-ALBfdEfeho1nAbxpR4Uc42jpned\">Material de la v\u00eda: Carril gu\u00eda endurecido de alta resistencia de cinco capas Y.S. 257MPa (l\u00edmite el\u00e1stico), T S. 400 MPa (resistencia a la tracci\u00f3n).<\/li>\n<li class=\"ace-line ace-line old-record-id-ALBfdEfeho1nAbxpR4Uc42jpned\">Tornillo de instalaci\u00f3n: Tornillo de anclaje qu\u00edmico M12X120mm, fuerza de tracci\u00f3n de dise\u00f1o de carga 14.5KN, fuerza de tracci\u00f3n de falla 43.8 KN, puede ser utilizado en concreto.vibraci\u00f3n de alta frecuencia se utiliza en el suelo (=&gt;C25 concreto) para evitar el aflojamiento.<\/li>\n<li class=\"ace-line ace-line old-record-id-ALBfdEfeho1nAbxpR4Uc42jpned\">Requisitos de instalaci\u00f3n de la pared: El muro debe ser una estructura de hormig\u00f3n que cumpla los requisitos y normas de construcci\u00f3n, con una dimensi\u00f3n de espesor superior a 200 mm (no construido)<\/li>\n<\/ol>\n<div class=\"ace-line ace-line old-record-id-P6X9dlOyEo9Gmdx4dJKchFw7nng\">Se recomienda instalar en paredes de ladrillo, especialmente ladrillos ligeros o huecos.<\/div>\n<\/div>","protected":false},"featured_media":3891,"template":"","meta":{"rank_math_lock_modified_date":false},"product_brand":[],"product_cat":[53],"product_tag":[],"class_list":{"0":"post-2680","1":"product","2":"type-product","3":"status-publish","4":"has-post-thumbnail","6":"product_cat-punching-bag-track-system","8":"first","9":"instock","10":"shipping-taxable","11":"product-type-simple"},"_links":{"self":[{"href":"https:\/\/seedoosports.com\/es\/wp-json\/wp\/v2\/product\/2680","targetHints":{"allow":["GET"]}}],"collection":[{"href":"https:\/\/seedoosports.com\/es\/wp-json\/wp\/v2\/product"}],"about":[{"href":"https:\/\/seedoosports.com\/es\/wp-json\/wp\/v2\/types\/product"}],"wp:featuredmedia":[{"embeddable":true,"href":"https:\/\/seedoosports.com\/es\/wp-json\/wp\/v2\/media\/3891"}],"wp:attachment":[{"href":"https:\/\/seedoosports.com\/es\/wp-json\/wp\/v2\/media?parent=2680"}],"wp:term":[{"taxonomy":"product_brand","embeddable":true,"href":"https:\/\/seedoosports.com\/es\/wp-json\/wp\/v2\/product_brand?post=2680"},{"taxonomy":"product_cat","embeddable":true,"href":"https:\/\/seedoosports.com\/es\/wp-json\/wp\/v2\/product_cat?post=2680"},{"taxonomy":"product_tag","embeddable":true,"href":"https:\/\/seedoosports.com\/es\/wp-json\/wp\/v2\/product_tag?post=2680"}],"curies":[{"name":"wp","href":"https:\/\/api.w.org\/{rel}","templated":true}]}}